{"id":6770,"date":"2023-06-20T10:45:38","date_gmt":"2023-06-20T08:45:38","guid":{"rendered":"https:\/\/camping-albret.com\/informacion-y-contactos\/"},"modified":"2024-07-24T15:32:39","modified_gmt":"2024-07-24T13:32:39","slug":"informacion-y-contactos","status":"publish","type":"page","link":"http:\/\/camping-albret.com\/es\/informacion-y-contactos\/","title":{"rendered":"Informaci\u00f3n y contactos"},"content":{"rendered":"\n<div class=\"wp-block-group is-layout-constrained wp-container-core-group-is-layout-bbbb44a5 wp-block-group-is-layout-constrained\" style=\"padding-top:var(--wp--preset--spacing--60);padding-right:var(--wp--preset--spacing--60);padding-bottom:var(--wp--preset--spacing--60);padding-left:var(--wp--preset--spacing--60)\">\n<h1 class=\"wp-block-heading has-text-align-center has-link-color-color has-text-color\" style=\"margin-top:var(--wp--preset--spacing--60);margin-right:var(--wp--preset--spacing--60);margin-bottom:var(--wp--preset--spacing--60);margin-left:var(--wp--preset--spacing--60);padding-top:var(--wp--preset--spacing--60);padding-right:var(--wp--preset--spacing--60);padding-bottom:var(--wp--preset--spacing--60);padding-left:var(--wp--preset--spacing--60)\">Contacto y direcciones<\/h1>\n\n\n\n<div class=\"wp-block-columns is-layout-flex wp-container-core-columns-is-layout-28f84493 wp-block-columns-is-layout-flex\">\n<div class=\"wp-block-column is-vertically-aligned-top is-layout-flow wp-block-column-is-layout-flow\">\n<h2 class=\"wp-block-heading\">Contactar con el camping  <\/h2>\n\n\n\n<p>Nos complace darle la bienvenida a nuestro <a href=\"https:\/\/camping-albret.com\/es\/\">Camping Paradis en Messanges<\/a>. Para todas sus solicitudes de informaci\u00f3n, reservas o para compartir sus impresiones, no dude en ponerse en contacto con nosotros.<\/p>\n\n\n\n<p>Tambi\u00e9n puede <strong>ponerse en contacto<\/strong> directamente con nosotros por tel\u00e9fono en el <strong>+33 (0)5 58 48 08 64<\/strong> o por <strong>correo electr\u00f3nico en contact@camping-albret.com.<\/strong> <\/p>\n\n\n\n<p>Su satisfacci\u00f3n es nuestra prioridad, y siempre estamos a su disposici\u00f3n para escucharle y aconsejarle mientras prepara su estancia ideal.<\/p>\n<\/div>\n\n\n\n<div class=\"wp-block-column is-layout-flow wp-block-column-is-layout-flow\">\n<div class=\"wp-block-contact-form-7-contact-form-selector formulaire-contact\">\n<div class=\"wpcf7 no-js\" id=\"wpcf7-f6998-o1\" lang=\"es-ES\" dir=\"ltr\" data-wpcf7-id=\"6998\">\n<div class=\"screen-reader-response\"><p role=\"status\" aria-live=\"polite\" aria-atomic=\"true\"><\/p> <ul><\/ul><\/div>\n<form action=\"\/es\/wp-json\/wp\/v2\/pages\/6770#wpcf7-f6998-o1\" method=\"post\" class=\"wpcf7-form init\" id=\"formulaire-contact\" aria-label=\"Formulario de contacto\" novalidate=\"novalidate\" data-status=\"init\">\n<div style=\"display: none;\">\n<input type=\"hidden\" name=\"_wpcf7\" value=\"6998\" \/>\n<input type=\"hidden\" name=\"_wpcf7_version\" value=\"6.0.6\" \/>\n<input type=\"hidden\" name=\"_wpcf7_locale\" value=\"es_ES\" \/>\n<input type=\"hidden\" name=\"_wpcf7_unit_tag\" value=\"wpcf7-f6998-o1\" \/>\n<input type=\"hidden\" name=\"_wpcf7_container_post\" value=\"0\" \/>\n<input type=\"hidden\" name=\"_wpcf7_posted_data_hash\" value=\"\" \/>\n<input type=\"hidden\" name=\"_wpcf7_recaptcha_response\" value=\"\" \/>\n<\/div>\n<p><label> Su nombre<br \/>\n<span class=\"wpcf7-form-control-wrap\" data-name=\"your-name\"><input size=\"40\" maxlength=\"400\" class=\"wpcf7-form-control wpcf7-text wpcf7-validates-as-required\" autocomplete=\"name\" aria-required=\"true\" aria-invalid=\"false\" value=\"\" type=\"text\" name=\"your-name\" \/><\/span> <\/label>\n<\/p>\n<p><label> Tu e-mail<br \/>\n<span class=\"wpcf7-form-control-wrap\" data-name=\"your-email\"><input size=\"40\" maxlength=\"400\" class=\"wpcf7-form-control wpcf7-email wpcf7-validates-as-required wpcf7-text wpcf7-validates-as-email\" autocomplete=\"email\" aria-required=\"true\" aria-invalid=\"false\" value=\"\" type=\"email\" name=\"your-email\" \/><\/span> <\/label>\n<\/p>\n<p><label> Objeto<br \/>\n<span class=\"wpcf7-form-control-wrap\" data-name=\"your-subject\"><input size=\"40\" maxlength=\"400\" class=\"wpcf7-form-control wpcf7-text wpcf7-validates-as-required\" aria-required=\"true\" aria-invalid=\"false\" value=\"\" type=\"text\" name=\"your-subject\" \/><\/span> <\/label>\n<\/p>\n<p><label> Su mensaje<br \/>\n<span class=\"wpcf7-form-control-wrap\" data-name=\"your-message\"><textarea cols=\"40\" rows=\"10\" maxlength=\"2000\" class=\"wpcf7-form-control wpcf7-textarea wpcf7-validates-as-required\" aria-required=\"true\" aria-invalid=\"false\" name=\"your-message\"><\/textarea><\/span> <\/label>\n<\/p>\n<p><span class=\"wpcf7-form-control-wrap\" data-name=\"acceptance-553\"><span class=\"wpcf7-form-control wpcf7-acceptance\"><span class=\"wpcf7-list-item\"><label><input type=\"checkbox\" name=\"acceptance-553\" value=\"1\" aria-invalid=\"false\" \/><span class=\"wpcf7-list-item-label\">Al marcar esta casilla, acepto la <a href=\"\/es\/politica-de-privacidad\/\" rel=\"nofollow\" target=\"_blank\">Pol\u00edtica de privacidad<\/a> de este sitio.<\/span><\/label><\/span><\/span><\/span>\n<\/p>\n<p><input class=\"wpcf7-form-control wpcf7-submit has-spinner\" type=\"submit\" value=\"Enviar\" \/>\n<\/p><div class=\"wpcf7-response-output\" aria-hidden=\"true\"><\/div>\n<\/form>\n<\/div>\n<\/div>\n<\/div>\n<\/div>\n\n\n\n<div class=\"wp-block-columns is-layout-flex wp-container-core-columns-is-layout-28f84493 wp-block-columns-is-layout-flex\">\n<div class=\"wp-block-column is-vertically-aligned-center is-layout-flow wp-block-column-is-layout-flow\">\n<iframe src=\"https:\/\/www.google.com\/maps\/embed?pb=!1m14!1m8!1m3!1d11519.435296517868!2d-1.3952491!3d43.7965424!3m2!1i1024!2i768!4f13.1!3m3!1m2!1s0xd53e2610b56c30f%3A0x1bdec001921ecffc!2sCamping%20Paradis%20Albret!5e0!3m2!1sfr!2sfr!4v1704356709916!5m2!1sfr!2sfr\" width=\"100%\" height=\"450\" style=\"border:0;\" allowfullscreen=\"\" loading=\"lazy\" referrerpolicy=\"no-referrer-when-downgrade\"><\/iframe>\n<\/div>\n\n\n\n<div class=\"wp-block-column is-vertically-aligned-center is-layout-flow wp-block-column-is-layout-flow\">\n<h2 class=\"wp-block-heading\">Su itinerario para una estancia soleada en el Camping Paradis Albret<\/h2>\n\n\n\n<p>Prep\u00e1rese para una escapada a <strong>Messanges<\/strong>, una joya escondida en el coraz\u00f3n de la regi\u00f3n <strong>de Las Landas<\/strong>. \u00danase a nosotros en el <strong>camping Albret Plage<\/strong>, situado en la siguiente direcci\u00f3n  <\/p>\n\n\n\n<p>Camping Paradis Albret, 375 route de la Plage Sud, 40660 Messanges<\/p>\n\n\n\n<p>Para facilitar su llegada, aqu\u00ed tiene nuestras coordenadas geogr\u00e1ficas: <strong>43.79768237072521, -1.4017973558229413.<\/strong> Esperamos darle la bienvenida a nuestro camping, donde le espera una experiencia inolvidable.  <\/p>\n\n\n\n<p>Planifique ya su itinerario y emb\u00e1rquese en una aventura que promete sol, mar y recuerdos inolvidables en el coraz\u00f3n de la hermosa regi\u00f3n de Las Landas.<\/p>\n<\/div>\n<\/div>\n<\/div>\n\n<div class=\"wp-block-group overflow-visible has-background is-layout-constrained wp-container-core-group-is-layout-155c3ba4 wp-block-group-is-layout-constrained\" style=\"border-top-color:var(--wp--preset--color--white);border-top-width:12rem;border-right-color:var(--wp--preset--color--white);border-bottom-color:var(--wp--preset--color--white);border-left-color:var(--wp--preset--color--white);background:linear-gradient(160deg,rgb(255,255,255) 29%,rgb(173,219,243) 29%);margin-top:0rem;margin-bottom:0;padding-top:var(--wp--preset--spacing--80);padding-bottom:8rem\">\n<figure class=\"wp-block-image size-full is-resized rellax is-style-gt-bg-image-bottom-left\"><img decoding=\"async\" width=\"273\" height=\"218\" sizes=\"(max-width: min(calc(100% - 15vw), 205px)) 100vw, min(calc(100% - 15vw), 205px)\" src=\"https:\/\/camping-albret.com\/wp-content\/uploads\/sites\/48\/2023\/05\/actualites-camping-paradis.png\" alt=\"noticias Camping Paradis\" class=\"wp-image-841\" style=\"width:205px;height:164px\"\/><\/figure>\n\n\n\n<h2 class=\"wp-block-heading has-text-align-center z-index-3 position-relative m-n-t-20 animated fadeInUp has-large-font-size\">Descubra nuestras actividades, la costa y c\u00f3mo convertirse en residente<\/h2>\n\n\n\n<div class=\"wp-block-group is-content-justification-center is-layout-constrained wp-container-core-group-is-layout-1557714b wp-block-group-is-layout-constrained\">\n<hr class=\"wp-block-separator has-text-color has-link-color-color has-alpha-channel-opacity has-link-color-background-color has-background animated fadeInUp delay-200ms\"\/>\n<\/div>\n\n\n\r\n<div \r\n     \r\n    class=\"gt-maillage-block animated fadeInUp delay-100ms slow\" \r\n    style=\"\"\r\n>\r\n\r\n    \r\n        \r\n        <article \r\n    class=\"gt-cta gt-cta--page\" \r\n    style=\"aspect-ratio:1\/1\"\r\n>\r\n    <a href=\"http:\/\/camping-albret.com\/es\/actividades-y-eventos\/\" title=\"Actividades y eventos\" class=\"gt-cta__link\">\r\n        <div class=\"gt-cta__thumb\">\r\n                            <img alt=\"surf femme plage albret\" decoding=\"async\" width=\"1900\" height=\"702\" src=\"http:\/\/camping-albret.com\/wp-content\/uploads\/sites\/48\/2023\/10\/surf-femme-plage-albret.webp\" class=\"attachment-full size-full wp-post-image\" alt=\"\" srcset=\"http:\/\/camping-albret.com\/wp-content\/uploads\/sites\/48\/2023\/10\/surf-femme-plage-albret.webp 1900w, http:\/\/camping-albret.com\/wp-content\/uploads\/sites\/48\/2023\/10\/surf-femme-plage-albret-300x111.webp 300w, http:\/\/camping-albret.com\/wp-content\/uploads\/sites\/48\/2023\/10\/surf-femme-plage-albret-1024x378.webp 1024w, http:\/\/camping-albret.com\/wp-content\/uploads\/sites\/48\/2023\/10\/surf-femme-plage-albret-768x284.webp 768w, http:\/\/camping-albret.com\/wp-content\/uploads\/sites\/48\/2023\/10\/surf-femme-plage-albret-1536x568.webp 1536w\" sizes=\"(max-width: 1900px) 100vw, 1900px\" \/>                    <\/div>\r\n        <div class=\"gt-cta__content\">\r\n            <div class=\"gt-cta__title\">\r\n                Actividades y eventos            <\/div>\r\n        <\/div>\r\n    <\/a>\r\n<\/article>\r\n    \r\n        <article \r\n    class=\"gt-cta gt-cta--page\" \r\n    style=\"aspect-ratio:1\/1\"\r\n>\r\n    <a href=\"http:\/\/camping-albret.com\/es\/camping-junto-al-mar-messanges\/\" title=\"Camping junto al mar\" class=\"gt-cta__link\">\r\n        <div class=\"gt-cta__thumb\">\r\n                            <img alt=\"Plage a proximite du camping paradis Albret_2000_766\" decoding=\"async\" width=\"2000\" height=\"766\" src=\"http:\/\/camping-albret.com\/wp-content\/uploads\/sites\/48\/2023\/09\/Plage-a-proximite-du-camping-paradis-Albret_2000_766.webp\" class=\"attachment-full size-full wp-post-image\" alt=\"\" srcset=\"http:\/\/camping-albret.com\/wp-content\/uploads\/sites\/48\/2023\/09\/Plage-a-proximite-du-camping-paradis-Albret_2000_766.webp 2000w, http:\/\/camping-albret.com\/wp-content\/uploads\/sites\/48\/2023\/09\/Plage-a-proximite-du-camping-paradis-Albret_2000_766-300x115.webp 300w, http:\/\/camping-albret.com\/wp-content\/uploads\/sites\/48\/2023\/09\/Plage-a-proximite-du-camping-paradis-Albret_2000_766-1024x392.webp 1024w, http:\/\/camping-albret.com\/wp-content\/uploads\/sites\/48\/2023\/09\/Plage-a-proximite-du-camping-paradis-Albret_2000_766-768x294.webp 768w, http:\/\/camping-albret.com\/wp-content\/uploads\/sites\/48\/2023\/09\/Plage-a-proximite-du-camping-paradis-Albret_2000_766-1536x588.webp 1536w\" sizes=\"(max-width: 2000px) 100vw, 2000px\" \/>                    <\/div>\r\n        <div class=\"gt-cta__content\">\r\n            <div class=\"gt-cta__title\">\r\n                Camping junto al mar            <\/div>\r\n        <\/div>\r\n    <\/a>\r\n<\/article>\r\n            \r\n<\/div><\/div>\n","protected":false},"excerpt":{"rendered":"<p>Contacto y direcciones Contactar con el camping Nos complace darle la bienvenida a nuestro Camping Paradis en Messanges. Para todas sus solicitudes de informaci\u00f3n, reservas o para compartir sus impresiones, no dude en ponerse en contacto con nosotros. Tambi\u00e9n puede ponerse en contacto directamente con nosotros por tel\u00e9fono en el +33 (0)5 58 48 08 [&hellip;]<\/p>\n","protected":false},"author":1,"featured_media":6720,"parent":0,"menu_order":33,"comment_status":"closed","ping_status":"closed","template":"","meta":{"_acf_changed":false,"footnotes":""},"class_list":["post-6770","page","type-page","status-publish","has-post-thumbnail","hentry"],"acf":[],"yoast_head":"<!-- This site is optimized with the Yoast SEO plugin v24.8.1 - https:\/\/yoast.com\/wordpress\/plugins\/seo\/ -->\n<title>P\u00f3ngase en contacto con un camping cerca de Messanges | Venir a un camping Landes<\/title>\n<meta name=\"robots\" content=\"index, follow, max-snippet:-1, max-image-preview:large, max-video-preview:-1\" \/>\n<link rel=\"canonical\" href=\"http:\/\/camping-albret.com\/es\/informacion-y-contactos\/\" \/>\n<meta property=\"og:locale\" content=\"es_ES\" \/>\n<meta property=\"og:type\" content=\"article\" \/>\n<meta property=\"og:title\" content=\"P\u00f3ngase en contacto con un camping cerca de Messanges | Venir a un camping Landes\" \/>\n<meta property=\"og:description\" content=\"Contacto y direcciones Contactar con el camping Nos complace darle la bienvenida a nuestro Camping Paradis en Messanges. Para todas sus solicitudes de informaci\u00f3n, reservas o para compartir sus impresiones, no dude en ponerse en contacto con nosotros. Tambi\u00e9n puede ponerse en contacto directamente con nosotros por tel\u00e9fono en el +33 (0)5 58 48 08 [&hellip;]\" \/>\n<meta property=\"og:url\" content=\"http:\/\/camping-albret.com\/es\/informacion-y-contactos\/\" \/>\n<meta property=\"og:site_name\" content=\"Camping Paradis Albret - Site Officiel - Meilleur Prix Garanti\" \/>\n<meta property=\"article:modified_time\" content=\"2024-07-24T13:32:39+00:00\" \/>\n<meta property=\"og:image\" content=\"https:\/\/camping-albret.com\/wp-content\/uploads\/sites\/48\/2023\/10\/canoe-balades-landes.webp\" \/>\n\t<meta property=\"og:image:width\" content=\"1900\" \/>\n\t<meta property=\"og:image:height\" content=\"702\" \/>\n\t<meta property=\"og:image:type\" content=\"image\/webp\" \/>\n<meta name=\"twitter:card\" content=\"summary_large_image\" \/>\n<meta name=\"twitter:label1\" content=\"Tiempo de lectura\" \/>\n\t<meta name=\"twitter:data1\" content=\"1 minuto\" \/>\n<script type=\"application\/ld+json\" class=\"yoast-schema-graph\">{\"@context\":\"https:\/\/schema.org\",\"@graph\":[{\"@type\":\"WebPage\",\"@id\":\"http:\/\/camping-albret.com\/es\/informacion-y-contactos\/\",\"url\":\"http:\/\/camping-albret.com\/es\/informacion-y-contactos\/\",\"name\":\"P\u00f3ngase en contacto con un camping cerca de Messanges | Venir a un camping Landes\",\"isPartOf\":{\"@id\":\"https:\/\/camping-albret.com\/es\/#website\"},\"primaryImageOfPage\":{\"@id\":\"http:\/\/camping-albret.com\/es\/informacion-y-contactos\/#primaryimage\"},\"image\":{\"@id\":\"http:\/\/camping-albret.com\/es\/informacion-y-contactos\/#primaryimage\"},\"thumbnailUrl\":\"http:\/\/camping-albret.com\/wp-content\/uploads\/sites\/48\/2023\/10\/canoe-balades-landes.webp\",\"datePublished\":\"2023-06-20T08:45:38+00:00\",\"dateModified\":\"2024-07-24T13:32:39+00:00\",\"breadcrumb\":{\"@id\":\"http:\/\/camping-albret.com\/es\/informacion-y-contactos\/#breadcrumb\"},\"inLanguage\":\"es\",\"potentialAction\":[{\"@type\":\"ReadAction\",\"target\":[\"http:\/\/camping-albret.com\/es\/informacion-y-contactos\/\"]}]},{\"@type\":\"ImageObject\",\"inLanguage\":\"es\",\"@id\":\"http:\/\/camping-albret.com\/es\/informacion-y-contactos\/#primaryimage\",\"url\":\"http:\/\/camping-albret.com\/wp-content\/uploads\/sites\/48\/2023\/10\/canoe-balades-landes.webp\",\"contentUrl\":\"http:\/\/camping-albret.com\/wp-content\/uploads\/sites\/48\/2023\/10\/canoe-balades-landes.webp\",\"width\":1900,\"height\":702},{\"@type\":\"BreadcrumbList\",\"@id\":\"http:\/\/camping-albret.com\/es\/informacion-y-contactos\/#breadcrumb\",\"itemListElement\":[{\"@type\":\"ListItem\",\"position\":1,\"name\":\"Inicio\",\"item\":\"https:\/\/camping-albret.com\/es\/\"},{\"@type\":\"ListItem\",\"position\":2,\"name\":\"Contacto, acceso\"}]},{\"@type\":\"WebSite\",\"@id\":\"https:\/\/camping-albret.com\/es\/#website\",\"url\":\"https:\/\/camping-albret.com\/es\/\",\"name\":\"Camping Paradis Albret - Site Officiel - Meilleur Prix Garanti\",\"description\":\"\",\"publisher\":{\"@id\":\"https:\/\/camping-albret.com\/es\/#organization\"},\"potentialAction\":[{\"@type\":\"SearchAction\",\"target\":{\"@type\":\"EntryPoint\",\"urlTemplate\":\"https:\/\/camping-albret.com\/es\/?s={search_term_string}\"},\"query-input\":{\"@type\":\"PropertyValueSpecification\",\"valueRequired\":true,\"valueName\":\"search_term_string\"}}],\"inLanguage\":\"es\"},{\"@type\":\"Organization\",\"@id\":\"https:\/\/camping-albret.com\/es\/#organization\",\"name\":\"Camping Paradis Albret - Site Officiel - Meilleur Prix Garanti\",\"url\":\"https:\/\/camping-albret.com\/es\/\",\"logo\":{\"@type\":\"ImageObject\",\"inLanguage\":\"es\",\"@id\":\"https:\/\/camping-albret.com\/es\/#\/schema\/logo\/image\/\",\"url\":\"http:\/\/camping-albret.com\/wp-content\/uploads\/sites\/48\/2024\/07\/LOGO-CP-ALBRET.png\",\"contentUrl\":\"http:\/\/camping-albret.com\/wp-content\/uploads\/sites\/48\/2024\/07\/LOGO-CP-ALBRET.png\",\"width\":2048,\"height\":1280,\"caption\":\"Camping Paradis Albret - Site Officiel - Meilleur Prix Garanti\"},\"image\":{\"@id\":\"https:\/\/camping-albret.com\/es\/#\/schema\/logo\/image\/\"}}]}<\/script>\n<!-- \/ Yoast SEO plugin. -->","yoast_head_json":{"title":"P\u00f3ngase en contacto con un camping cerca de Messanges | Venir a un camping Landes","robots":{"index":"index","follow":"follow","max-snippet":"max-snippet:-1","max-image-preview":"max-image-preview:large","max-video-preview":"max-video-preview:-1"},"canonical":"http:\/\/camping-albret.com\/es\/informacion-y-contactos\/","og_locale":"es_ES","og_type":"article","og_title":"P\u00f3ngase en contacto con un camping cerca de Messanges | Venir a un camping Landes","og_description":"Contacto y direcciones Contactar con el camping Nos complace darle la bienvenida a nuestro Camping Paradis en Messanges. Para todas sus solicitudes de informaci\u00f3n, reservas o para compartir sus impresiones, no dude en ponerse en contacto con nosotros. Tambi\u00e9n puede ponerse en contacto directamente con nosotros por tel\u00e9fono en el +33 (0)5 58 48 08 [&hellip;]","og_url":"http:\/\/camping-albret.com\/es\/informacion-y-contactos\/","og_site_name":"Camping Paradis Albret - Site Officiel - Meilleur Prix Garanti","article_modified_time":"2024-07-24T13:32:39+00:00","og_image":[{"width":1900,"height":702,"url":"https:\/\/camping-albret.com\/wp-content\/uploads\/sites\/48\/2023\/10\/canoe-balades-landes.webp","type":"image\/webp"}],"twitter_card":"summary_large_image","twitter_misc":{"Tiempo de lectura":"1 minuto"},"schema":{"@context":"https:\/\/schema.org","@graph":[{"@type":"WebPage","@id":"http:\/\/camping-albret.com\/es\/informacion-y-contactos\/","url":"http:\/\/camping-albret.com\/es\/informacion-y-contactos\/","name":"P\u00f3ngase en contacto con un camping cerca de Messanges | Venir a un camping Landes","isPartOf":{"@id":"https:\/\/camping-albret.com\/es\/#website"},"primaryImageOfPage":{"@id":"http:\/\/camping-albret.com\/es\/informacion-y-contactos\/#primaryimage"},"image":{"@id":"http:\/\/camping-albret.com\/es\/informacion-y-contactos\/#primaryimage"},"thumbnailUrl":"http:\/\/camping-albret.com\/wp-content\/uploads\/sites\/48\/2023\/10\/canoe-balades-landes.webp","datePublished":"2023-06-20T08:45:38+00:00","dateModified":"2024-07-24T13:32:39+00:00","breadcrumb":{"@id":"http:\/\/camping-albret.com\/es\/informacion-y-contactos\/#breadcrumb"},"inLanguage":"es","potentialAction":[{"@type":"ReadAction","target":["http:\/\/camping-albret.com\/es\/informacion-y-contactos\/"]}]},{"@type":"ImageObject","inLanguage":"es","@id":"http:\/\/camping-albret.com\/es\/informacion-y-contactos\/#primaryimage","url":"http:\/\/camping-albret.com\/wp-content\/uploads\/sites\/48\/2023\/10\/canoe-balades-landes.webp","contentUrl":"http:\/\/camping-albret.com\/wp-content\/uploads\/sites\/48\/2023\/10\/canoe-balades-landes.webp","width":1900,"height":702},{"@type":"BreadcrumbList","@id":"http:\/\/camping-albret.com\/es\/informacion-y-contactos\/#breadcrumb","itemListElement":[{"@type":"ListItem","position":1,"name":"Inicio","item":"https:\/\/camping-albret.com\/es\/"},{"@type":"ListItem","position":2,"name":"Contacto, acceso"}]},{"@type":"WebSite","@id":"https:\/\/camping-albret.com\/es\/#website","url":"https:\/\/camping-albret.com\/es\/","name":"Camping Paradis Albret - Site Officiel - Meilleur Prix Garanti","description":"","publisher":{"@id":"https:\/\/camping-albret.com\/es\/#organization"},"potentialAction":[{"@type":"SearchAction","target":{"@type":"EntryPoint","urlTemplate":"https:\/\/camping-albret.com\/es\/?s={search_term_string}"},"query-input":{"@type":"PropertyValueSpecification","valueRequired":true,"valueName":"search_term_string"}}],"inLanguage":"es"},{"@type":"Organization","@id":"https:\/\/camping-albret.com\/es\/#organization","name":"Camping Paradis Albret - Site Officiel - Meilleur Prix Garanti","url":"https:\/\/camping-albret.com\/es\/","logo":{"@type":"ImageObject","inLanguage":"es","@id":"https:\/\/camping-albret.com\/es\/#\/schema\/logo\/image\/","url":"http:\/\/camping-albret.com\/wp-content\/uploads\/sites\/48\/2024\/07\/LOGO-CP-ALBRET.png","contentUrl":"http:\/\/camping-albret.com\/wp-content\/uploads\/sites\/48\/2024\/07\/LOGO-CP-ALBRET.png","width":2048,"height":1280,"caption":"Camping Paradis Albret - Site Officiel - Meilleur Prix Garanti"},"image":{"@id":"https:\/\/camping-albret.com\/es\/#\/schema\/logo\/image\/"}}]}},"_links":{"self":[{"href":"http:\/\/camping-albret.com\/es\/wp-json\/wp\/v2\/pages\/6770","targetHints":{"allow":["GET"]}}],"collection":[{"href":"http:\/\/camping-albret.com\/es\/wp-json\/wp\/v2\/pages"}],"about":[{"href":"http:\/\/camping-albret.com\/es\/wp-json\/wp\/v2\/types\/page"}],"author":[{"embeddable":true,"href":"http:\/\/camping-albret.com\/es\/wp-json\/wp\/v2\/users\/1"}],"replies":[{"embeddable":true,"href":"http:\/\/camping-albret.com\/es\/wp-json\/wp\/v2\/comments?post=6770"}],"version-history":[{"count":4,"href":"http:\/\/camping-albret.com\/es\/wp-json\/wp\/v2\/pages\/6770\/revisions"}],"predecessor-version":[{"id":7927,"href":"http:\/\/camping-albret.com\/es\/wp-json\/wp\/v2\/pages\/6770\/revisions\/7927"}],"wp:featuredmedia":[{"embeddable":true,"href":"http:\/\/camping-albret.com\/es\/wp-json\/wp\/v2\/media\/6720"}],"wp:attachment":[{"href":"http:\/\/camping-albret.com\/es\/wp-json\/wp\/v2\/media?parent=6770"}],"curies":[{"name":"wp","href":"https:\/\/api.w.org\/{rel}","templated":true}]}}