{"id":391852,"date":"2025-04-10T18:33:31","date_gmt":"2025-04-10T16:33:31","guid":{"rendered":"https:\/\/camping-albret.com\/informacion-sobre-el-seguro-de-cancelacion\/"},"modified":"2025-04-10T18:33:49","modified_gmt":"2025-04-10T16:33:49","slug":"informacion-sobre-el-seguro-de-cancelacion","status":"publish","type":"page","link":"https:\/\/camping-albret.com\/es\/informacion-sobre-el-seguro-de-cancelacion\/","title":{"rendered":"Informaci\u00f3n sobre el seguro de cancelaci\u00f3n"},"content":{"rendered":"\n<div class=\"wp-block-group is-layout-constrained wp-container-core-group-is-layout-bbbb44a5 wp-block-group-is-layout-constrained\" style=\"padding-top:var(--wp--preset--spacing--60);padding-right:var(--wp--preset--spacing--60);padding-bottom:var(--wp--preset--spacing--60);padding-left:var(--wp--preset--spacing--60)\">\n<h1 class=\"wp-block-heading has-text-align-center has-link-color-color has-text-color\" style=\"margin-top:var(--wp--preset--spacing--60);margin-right:var(--wp--preset--spacing--60);margin-bottom:var(--wp--preset--spacing--60);margin-left:var(--wp--preset--spacing--60);padding-top:var(--wp--preset--spacing--60);padding-right:var(--wp--preset--spacing--60);padding-bottom:var(--wp--preset--spacing--60);padding-left:var(--wp--preset--spacing--60)\">Seguro de anulaci\u00f3n<\/h1>\n\n\n\n<div class=\"wp-block-columns is-layout-flex wp-container-core-columns-is-layout-28f84493 wp-block-columns-is-layout-flex\">\n<div class=\"wp-block-column is-vertically-aligned-top is-layout-flow wp-block-column-is-layout-flow\">\n<h2 class=\"wp-block-heading\">Nuestro seguro FLEX  <\/h2>\n\n\n\n<p>Seguro FLEX: Anulaci\u00f3n, con o sin justificante, por cualquier imprevisto ajeno a tu voluntad que te impida irte.<\/p>\n\n\n\n<ul class=\"wp-block-list\">\n<li>Reembolso CON PRUEBA: Reembolso del 100% de los gastos de anulaci\u00f3n (ver franquicia)<\/li>\n\n\n\n<li>REEMBOLSO SIN PRUEBA: Reembolso del 70% de los gastos de anulaci\u00f3n (ver franquicia)<\/li>\n<\/ul>\n\n\n\n<p>Puedes ponerte en contacto con nosotros a trav\u00e9s de nuestro <strong><a href=\"https:\/\/camping-albret.com\/es\/informacion-y-contactos\/\">formulario de contacto<\/a><\/strong>o por<strong> tel\u00e9fono llamando al +33 (0) 5 58 48 08 64<\/strong>.  <\/p>\n\n\n\n<p>Te proporcionaremos una respuesta r\u00e1pida y adaptada a tus necesidades. Tu satisfacci\u00f3n es nuestra prioridad, y estamos aqu\u00ed para ayudarte a preparar tu estancia. <\/p>\n\n\n\n<blockquote class=\"wp-block-quote has-text-align-center is-layout-flow wp-block-quote-is-layout-flow\">\n<blockquote class=\"wp-block-quote is-layout-flow wp-block-quote-is-layout-flow\">\n<h3 class=\"wp-block-heading has-text-align-center\"><strong>Inf\u00f3rmate sobre las <a href=\"https:\/\/camping-angouleme.fr\/wp-content\/uploads\/sites\/69\/2025\/01\/IPID-FIC-CGA-FORMULE-FLEX-FR.pdf\" target=\"_blank\" rel=\"noreferrer noopener\">Condiciones Generales de nuestro Seguro FLEX<\/a>.<\/strong><\/h3>\n<\/blockquote>\n<\/blockquote>\n<\/div>\n<\/div>\n<\/div>\n\n<div class=\"wp-block-group overflow-visible has-background is-layout-constrained wp-container-core-group-is-layout-612028c2 wp-block-group-is-layout-constrained\" style=\"border-top-color:var(--wp--preset--color--white);border-top-width:12rem;border-right-color:var(--wp--preset--color--white);border-bottom-color:var(--wp--preset--color--white);border-left-color:var(--wp--preset--color--white);background:linear-gradient(174deg,rgb(255,255,255) 29%,rgb(173,219,243) 29%);margin-top:0rem;margin-bottom:0;padding-top:var(--wp--preset--spacing--80);padding-bottom:8rem\">\n<figure class=\"wp-block-image size-full is-resized rellax is-style-gt-bg-image-bottom-left\"><img decoding=\"async\" width=\"273\" height=\"218\" sizes=\"(max-width: min(calc(100% - 15vw), 205px)) 100vw, min(calc(100% - 15vw), 205px)\" src=\"https:\/\/campingcoiroux.fr\/\/wp-content\/uploads\/sites\/27\/2023\/05\/actualites-camping-paradis.png\" alt=\"noticias Camping Paradis\" class=\"wp-image-841\" style=\"width:205px;height:164px\"\/><\/figure>\n\n\n\n<h2 class=\"wp-block-heading has-text-align-center z-index-3 position-relative m-n-t-20 animated fadeInUp has-large-font-size\">Descubra nuestras otras p\u00e1ginas:<\/h2>\n\n\n\n<div class=\"wp-block-group is-content-justification-center is-layout-constrained wp-container-core-group-is-layout-1557714b wp-block-group-is-layout-constrained\">\n<hr class=\"wp-block-separator has-text-color has-link-color-color has-alpha-channel-opacity has-link-color-background-color has-background animated fadeInUp delay-200ms\" \/>\n<\/div>\n\n\n\r\n<div \r\n     \r\n    class=\"gt-maillage-block\" \r\n    style=\"border-top-left-radius:0px;border-top-right-radius:0px;border-bottom-left-radius:0px;border-bottom-right-radius:0px;border-style:none;border-width:0px;\"\r\n>\r\n\r\n    \r\n        \r\n        <article \r\n    class=\"gt-cta gt-cta--page\" \r\n    style=\"aspect-ratio:1\/1\"\r\n>\r\n    <a href=\"https:\/\/camping-albret.com\/es\/informacion-y-contactos\/\" title=\"Informaci\u00f3n y contactos\" class=\"gt-cta__link\">\r\n        <div class=\"gt-cta__thumb\">\r\n                            <img alt=\"canoe balades landes\" decoding=\"async\" width=\"1900\" height=\"702\" src=\"https:\/\/camping-albret.com\/wp-content\/uploads\/sites\/48\/2023\/10\/canoe-balades-landes.webp\" class=\"attachment-full size-full wp-post-image\" alt=\"\" srcset=\"https:\/\/camping-albret.com\/wp-content\/uploads\/sites\/48\/2023\/10\/canoe-balades-landes.webp 1900w, https:\/\/camping-albret.com\/wp-content\/uploads\/sites\/48\/2023\/10\/canoe-balades-landes-300x111.webp 300w, https:\/\/camping-albret.com\/wp-content\/uploads\/sites\/48\/2023\/10\/canoe-balades-landes-1024x378.webp 1024w, https:\/\/camping-albret.com\/wp-content\/uploads\/sites\/48\/2023\/10\/canoe-balades-landes-768x284.webp 768w, https:\/\/camping-albret.com\/wp-content\/uploads\/sites\/48\/2023\/10\/canoe-balades-landes-1536x568.webp 1536w\" sizes=\"(max-width: 1900px) 100vw, 1900px\" \/>                    <\/div>\r\n        <div class=\"gt-cta__content\">\r\n            <div class=\"gt-cta__title\">\r\n                Informaci\u00f3n y contactos            <\/div>\r\n        <\/div>\r\n    <\/a>\r\n<\/article>\r\n    \r\n        <article \r\n    class=\"gt-cta gt-cta--page\" \r\n    style=\"aspect-ratio:1\/1\"\r\n>\r\n    <a href=\"https:\/\/camping-albret.com\/es\/servicios\/\" title=\"Servicios\" class=\"gt-cta__link\">\r\n        <div class=\"gt-cta__thumb\">\r\n                            <img alt=\"Screenshot 2025 04 29 at 14 05 42 camping paradis albret photots Recherche Google\" decoding=\"async\" width=\"691\" height=\"493\" src=\"https:\/\/camping-albret.com\/wp-content\/uploads\/sites\/48\/2025\/04\/Screenshot-2025-04-29-at-14-05-42-camping-paradis-albret-photots-Recherche-Google.png\" class=\"attachment-full size-full has-transparency wp-post-image\" alt=\"\" srcset=\"https:\/\/camping-albret.com\/wp-content\/uploads\/sites\/48\/2025\/04\/Screenshot-2025-04-29-at-14-05-42-camping-paradis-albret-photots-Recherche-Google.png 691w, https:\/\/camping-albret.com\/wp-content\/uploads\/sites\/48\/2025\/04\/Screenshot-2025-04-29-at-14-05-42-camping-paradis-albret-photots-Recherche-Google-300x214.png 300w\" sizes=\"(max-width: 691px) 100vw, 691px\" data-has-transparency=\"true\" data-dominant-color=\"727b7f\" style=\"--dominant-color: #727b7f;\" \/>                    <\/div>\r\n        <div class=\"gt-cta__content\">\r\n            <div class=\"gt-cta__title\">\r\n                Servicios            <\/div>\r\n        <\/div>\r\n    <\/a>\r\n<\/article>\r\n    \r\n        <article \r\n    class=\"gt-cta gt-cta--page\" \r\n    style=\"aspect-ratio:1\/1\"\r\n>\r\n    <a href=\"https:\/\/camping-albret.com\/es\/turismo\/\" title=\"Turismo\" class=\"gt-cta__link\">\r\n        <div class=\"gt-cta__thumb\">\r\n                            <img alt=\"promenade foret landes\" decoding=\"async\" width=\"1900\" height=\"702\" src=\"https:\/\/camping-albret.com\/wp-content\/uploads\/sites\/48\/2023\/10\/promenade-foret-landes.webp\" class=\"attachment-full size-full wp-post-image\" alt=\"\" srcset=\"https:\/\/camping-albret.com\/wp-content\/uploads\/sites\/48\/2023\/10\/promenade-foret-landes.webp 1900w, https:\/\/camping-albret.com\/wp-content\/uploads\/sites\/48\/2023\/10\/promenade-foret-landes-300x111.webp 300w, https:\/\/camping-albret.com\/wp-content\/uploads\/sites\/48\/2023\/10\/promenade-foret-landes-1024x378.webp 1024w, https:\/\/camping-albret.com\/wp-content\/uploads\/sites\/48\/2023\/10\/promenade-foret-landes-768x284.webp 768w, https:\/\/camping-albret.com\/wp-content\/uploads\/sites\/48\/2023\/10\/promenade-foret-landes-1536x568.webp 1536w\" sizes=\"(max-width: 1900px) 100vw, 1900px\" \/>                    <\/div>\r\n        <div class=\"gt-cta__content\">\r\n            <div class=\"gt-cta__title\">\r\n                Turismo            <\/div>\r\n        <\/div>\r\n    <\/a>\r\n<\/article>\r\n            \r\n<\/div><\/div>\n","protected":false},"excerpt":{"rendered":"<p>Seguro de anulaci\u00f3n Nuestro seguro FLEX Seguro FLEX: Anulaci\u00f3n, con o sin justificante, por cualquier imprevisto ajeno a tu voluntad que te impida irte. Puedes ponerte en contacto con nosotros a trav\u00e9s de nuestro formulario de contactoo por tel\u00e9fono llamando al +33 (0) 5 58 48 08 64. Te proporcionaremos una respuesta r\u00e1pida y adaptada [&hellip;]<\/p>\n","protected":false},"author":5,"featured_media":0,"parent":0,"menu_order":8,"comment_status":"closed","ping_status":"closed","template":"","meta":{"_acf_changed":false,"footnotes":""},"class_list":["post-391852","page","type-page","status-publish","hentry"],"acf":[],"yoast_head":"<!-- This site is optimized with the Yoast SEO plugin v24.8.1 - https:\/\/yoast.com\/wordpress\/plugins\/seo\/ -->\n<title>Informaci\u00f3n sobre el seguro de cancelaci\u00f3n - Camping Paradis Albret - Site Officiel - Meilleur Prix Garanti<\/title>\n<meta name=\"robots\" content=\"index, follow, max-snippet:-1, max-image-preview:large, max-video-preview:-1\" \/>\n<link rel=\"canonical\" href=\"https:\/\/camping-albret.com\/es\/informacion-sobre-el-seguro-de-cancelacion\/\" \/>\n<meta property=\"og:locale\" content=\"es_ES\" \/>\n<meta property=\"og:type\" content=\"article\" \/>\n<meta property=\"og:title\" content=\"Informaci\u00f3n sobre el seguro de cancelaci\u00f3n - Camping Paradis Albret - Site Officiel - Meilleur Prix Garanti\" \/>\n<meta property=\"og:description\" content=\"Seguro de anulaci\u00f3n Nuestro seguro FLEX Seguro FLEX: Anulaci\u00f3n, con o sin justificante, por cualquier imprevisto ajeno a tu voluntad que te impida irte. Puedes ponerte en contacto con nosotros a trav\u00e9s de nuestro formulario de contactoo por tel\u00e9fono llamando al +33 (0) 5 58 48 08 64. Te proporcionaremos una respuesta r\u00e1pida y adaptada [&hellip;]\" \/>\n<meta property=\"og:url\" content=\"https:\/\/camping-albret.com\/es\/informacion-sobre-el-seguro-de-cancelacion\/\" \/>\n<meta property=\"og:site_name\" content=\"Camping Paradis Albret - Site Officiel - Meilleur Prix Garanti\" \/>\n<meta property=\"article:modified_time\" content=\"2025-04-10T16:33:49+00:00\" \/>\n<meta property=\"og:image\" content=\"https:\/\/campingcoiroux.fr\/\/wp-content\/uploads\/sites\/27\/2023\/05\/actualites-camping-paradis.png\" \/>\n<meta name=\"twitter:card\" content=\"summary_large_image\" \/>\n<meta name=\"twitter:label1\" content=\"Tiempo de lectura\" \/>\n\t<meta name=\"twitter:data1\" content=\"1 minuto\" \/>\n<script type=\"application\/ld+json\" class=\"yoast-schema-graph\">{\"@context\":\"https:\/\/schema.org\",\"@graph\":[{\"@type\":\"WebPage\",\"@id\":\"https:\/\/camping-albret.com\/es\/informacion-sobre-el-seguro-de-cancelacion\/\",\"url\":\"https:\/\/camping-albret.com\/es\/informacion-sobre-el-seguro-de-cancelacion\/\",\"name\":\"Informaci\u00f3n sobre el seguro de cancelaci\u00f3n - Camping Paradis Albret - Site Officiel - Meilleur Prix Garanti\",\"isPartOf\":{\"@id\":\"https:\/\/camping-albret.com\/es\/#website\"},\"primaryImageOfPage\":{\"@id\":\"https:\/\/camping-albret.com\/es\/informacion-sobre-el-seguro-de-cancelacion\/#primaryimage\"},\"image\":{\"@id\":\"https:\/\/camping-albret.com\/es\/informacion-sobre-el-seguro-de-cancelacion\/#primaryimage\"},\"thumbnailUrl\":\"https:\/\/campingcoiroux.fr\/\/wp-content\/uploads\/sites\/27\/2023\/05\/actualites-camping-paradis.png\",\"datePublished\":\"2025-04-10T16:33:31+00:00\",\"dateModified\":\"2025-04-10T16:33:49+00:00\",\"breadcrumb\":{\"@id\":\"https:\/\/camping-albret.com\/es\/informacion-sobre-el-seguro-de-cancelacion\/#breadcrumb\"},\"inLanguage\":\"es\",\"potentialAction\":[{\"@type\":\"ReadAction\",\"target\":[\"https:\/\/camping-albret.com\/es\/informacion-sobre-el-seguro-de-cancelacion\/\"]}]},{\"@type\":\"ImageObject\",\"inLanguage\":\"es\",\"@id\":\"https:\/\/camping-albret.com\/es\/informacion-sobre-el-seguro-de-cancelacion\/#primaryimage\",\"url\":\"https:\/\/campingcoiroux.fr\/\/wp-content\/uploads\/sites\/27\/2023\/05\/actualites-camping-paradis.png\",\"contentUrl\":\"https:\/\/campingcoiroux.fr\/\/wp-content\/uploads\/sites\/27\/2023\/05\/actualites-camping-paradis.png\"},{\"@type\":\"BreadcrumbList\",\"@id\":\"https:\/\/camping-albret.com\/es\/informacion-sobre-el-seguro-de-cancelacion\/#breadcrumb\",\"itemListElement\":[{\"@type\":\"ListItem\",\"position\":1,\"name\":\"Inicio\",\"item\":\"https:\/\/camping-albret.com\/es\/\"},{\"@type\":\"ListItem\",\"position\":2,\"name\":\"Informaci\u00f3n sobre el seguro de cancelaci\u00f3n\"}]},{\"@type\":\"WebSite\",\"@id\":\"https:\/\/camping-albret.com\/es\/#website\",\"url\":\"https:\/\/camping-albret.com\/es\/\",\"name\":\"Camping Paradis Albret - Site Officiel - Meilleur Prix Garanti\",\"description\":\"\",\"publisher\":{\"@id\":\"https:\/\/camping-albret.com\/es\/#organization\"},\"potentialAction\":[{\"@type\":\"SearchAction\",\"target\":{\"@type\":\"EntryPoint\",\"urlTemplate\":\"https:\/\/camping-albret.com\/es\/?s={search_term_string}\"},\"query-input\":{\"@type\":\"PropertyValueSpecification\",\"valueRequired\":true,\"valueName\":\"search_term_string\"}}],\"inLanguage\":\"es\"},{\"@type\":\"Organization\",\"@id\":\"https:\/\/camping-albret.com\/es\/#organization\",\"name\":\"Camping Paradis Albret - Site Officiel - Meilleur Prix Garanti\",\"url\":\"https:\/\/camping-albret.com\/es\/\",\"logo\":{\"@type\":\"ImageObject\",\"inLanguage\":\"es\",\"@id\":\"https:\/\/camping-albret.com\/es\/#\/schema\/logo\/image\/\",\"url\":\"https:\/\/camping-albret.com\/wp-content\/uploads\/sites\/48\/2024\/07\/LOGO-CP-ALBRET.png\",\"contentUrl\":\"https:\/\/camping-albret.com\/wp-content\/uploads\/sites\/48\/2024\/07\/LOGO-CP-ALBRET.png\",\"width\":2048,\"height\":1280,\"caption\":\"Camping Paradis Albret - Site Officiel - Meilleur Prix Garanti\"},\"image\":{\"@id\":\"https:\/\/camping-albret.com\/es\/#\/schema\/logo\/image\/\"}}]}<\/script>\n<!-- \/ Yoast SEO plugin. -->","yoast_head_json":{"title":"Informaci\u00f3n sobre el seguro de cancelaci\u00f3n - Camping Paradis Albret - Site Officiel - Meilleur Prix Garanti","robots":{"index":"index","follow":"follow","max-snippet":"max-snippet:-1","max-image-preview":"max-image-preview:large","max-video-preview":"max-video-preview:-1"},"canonical":"https:\/\/camping-albret.com\/es\/informacion-sobre-el-seguro-de-cancelacion\/","og_locale":"es_ES","og_type":"article","og_title":"Informaci\u00f3n sobre el seguro de cancelaci\u00f3n - Camping Paradis Albret - Site Officiel - Meilleur Prix Garanti","og_description":"Seguro de anulaci\u00f3n Nuestro seguro FLEX Seguro FLEX: Anulaci\u00f3n, con o sin justificante, por cualquier imprevisto ajeno a tu voluntad que te impida irte. Puedes ponerte en contacto con nosotros a trav\u00e9s de nuestro formulario de contactoo por tel\u00e9fono llamando al +33 (0) 5 58 48 08 64. Te proporcionaremos una respuesta r\u00e1pida y adaptada [&hellip;]","og_url":"https:\/\/camping-albret.com\/es\/informacion-sobre-el-seguro-de-cancelacion\/","og_site_name":"Camping Paradis Albret - Site Officiel - Meilleur Prix Garanti","article_modified_time":"2025-04-10T16:33:49+00:00","og_image":[{"url":"https:\/\/campingcoiroux.fr\/\/wp-content\/uploads\/sites\/27\/2023\/05\/actualites-camping-paradis.png","type":"","width":"","height":""}],"twitter_card":"summary_large_image","twitter_misc":{"Tiempo de lectura":"1 minuto"},"schema":{"@context":"https:\/\/schema.org","@graph":[{"@type":"WebPage","@id":"https:\/\/camping-albret.com\/es\/informacion-sobre-el-seguro-de-cancelacion\/","url":"https:\/\/camping-albret.com\/es\/informacion-sobre-el-seguro-de-cancelacion\/","name":"Informaci\u00f3n sobre el seguro de cancelaci\u00f3n - Camping Paradis Albret - Site Officiel - Meilleur Prix Garanti","isPartOf":{"@id":"https:\/\/camping-albret.com\/es\/#website"},"primaryImageOfPage":{"@id":"https:\/\/camping-albret.com\/es\/informacion-sobre-el-seguro-de-cancelacion\/#primaryimage"},"image":{"@id":"https:\/\/camping-albret.com\/es\/informacion-sobre-el-seguro-de-cancelacion\/#primaryimage"},"thumbnailUrl":"https:\/\/campingcoiroux.fr\/\/wp-content\/uploads\/sites\/27\/2023\/05\/actualites-camping-paradis.png","datePublished":"2025-04-10T16:33:31+00:00","dateModified":"2025-04-10T16:33:49+00:00","breadcrumb":{"@id":"https:\/\/camping-albret.com\/es\/informacion-sobre-el-seguro-de-cancelacion\/#breadcrumb"},"inLanguage":"es","potentialAction":[{"@type":"ReadAction","target":["https:\/\/camping-albret.com\/es\/informacion-sobre-el-seguro-de-cancelacion\/"]}]},{"@type":"ImageObject","inLanguage":"es","@id":"https:\/\/camping-albret.com\/es\/informacion-sobre-el-seguro-de-cancelacion\/#primaryimage","url":"https:\/\/campingcoiroux.fr\/\/wp-content\/uploads\/sites\/27\/2023\/05\/actualites-camping-paradis.png","contentUrl":"https:\/\/campingcoiroux.fr\/\/wp-content\/uploads\/sites\/27\/2023\/05\/actualites-camping-paradis.png"},{"@type":"BreadcrumbList","@id":"https:\/\/camping-albret.com\/es\/informacion-sobre-el-seguro-de-cancelacion\/#breadcrumb","itemListElement":[{"@type":"ListItem","position":1,"name":"Inicio","item":"https:\/\/camping-albret.com\/es\/"},{"@type":"ListItem","position":2,"name":"Informaci\u00f3n sobre el seguro de cancelaci\u00f3n"}]},{"@type":"WebSite","@id":"https:\/\/camping-albret.com\/es\/#website","url":"https:\/\/camping-albret.com\/es\/","name":"Camping Paradis Albret - Site Officiel - Meilleur Prix Garanti","description":"","publisher":{"@id":"https:\/\/camping-albret.com\/es\/#organization"},"potentialAction":[{"@type":"SearchAction","target":{"@type":"EntryPoint","urlTemplate":"https:\/\/camping-albret.com\/es\/?s={search_term_string}"},"query-input":{"@type":"PropertyValueSpecification","valueRequired":true,"valueName":"search_term_string"}}],"inLanguage":"es"},{"@type":"Organization","@id":"https:\/\/camping-albret.com\/es\/#organization","name":"Camping Paradis Albret - Site Officiel - Meilleur Prix Garanti","url":"https:\/\/camping-albret.com\/es\/","logo":{"@type":"ImageObject","inLanguage":"es","@id":"https:\/\/camping-albret.com\/es\/#\/schema\/logo\/image\/","url":"https:\/\/camping-albret.com\/wp-content\/uploads\/sites\/48\/2024\/07\/LOGO-CP-ALBRET.png","contentUrl":"https:\/\/camping-albret.com\/wp-content\/uploads\/sites\/48\/2024\/07\/LOGO-CP-ALBRET.png","width":2048,"height":1280,"caption":"Camping Paradis Albret - Site Officiel - Meilleur Prix Garanti"},"image":{"@id":"https:\/\/camping-albret.com\/es\/#\/schema\/logo\/image\/"}}]}},"_links":{"self":[{"href":"https:\/\/camping-albret.com\/es\/wp-json\/wp\/v2\/pages\/391852","targetHints":{"allow":["GET"]}}],"collection":[{"href":"https:\/\/camping-albret.com\/es\/wp-json\/wp\/v2\/pages"}],"about":[{"href":"https:\/\/camping-albret.com\/es\/wp-json\/wp\/v2\/types\/page"}],"author":[{"embeddable":true,"href":"https:\/\/camping-albret.com\/es\/wp-json\/wp\/v2\/users\/5"}],"replies":[{"embeddable":true,"href":"https:\/\/camping-albret.com\/es\/wp-json\/wp\/v2\/comments?post=391852"}],"version-history":[{"count":3,"href":"https:\/\/camping-albret.com\/es\/wp-json\/wp\/v2\/pages\/391852\/revisions"}],"predecessor-version":[{"id":391856,"href":"https:\/\/camping-albret.com\/es\/wp-json\/wp\/v2\/pages\/391852\/revisions\/391856"}],"wp:attachment":[{"href":"https:\/\/camping-albret.com\/es\/wp-json\/wp\/v2\/media?parent=391852"}],"curies":[{"name":"wp","href":"https:\/\/api.w.org\/{rel}","templated":true}]}}