{"id":6810,"date":"2023-07-13T16:54:29","date_gmt":"2023-07-13T14:54:29","guid":{"rendered":"https:\/\/camping-albret.com\/informacion-juridica\/"},"modified":"2024-07-24T15:33:27","modified_gmt":"2024-07-24T13:33:27","slug":"informacion-juridica","status":"publish","type":"page","link":"https:\/\/camping-albret.com\/es\/informacion-juridica\/","title":{"rendered":"Aviso legal"},"content":{"rendered":"\n<div class=\"wp-block-group is-layout-constrained wp-container-core-group-is-layout-9ff30091 wp-block-group-is-layout-constrained\" style=\"margin-top:var(--wp--preset--spacing--80);margin-bottom:var(--wp--preset--spacing--80);padding-top:var(--wp--preset--spacing--60);padding-bottom:var(--wp--preset--spacing--60)\">\n<h1 class=\"wp-block-heading alignwide has-text-align-center has-link-color-color has-text-color has-x-large-font-size\" style=\"margin-top:var(--wp--preset--spacing--60);margin-right:var(--wp--preset--spacing--60);margin-bottom:var(--wp--preset--spacing--60);margin-left:var(--wp--preset--spacing--60);padding-top:var(--wp--preset--spacing--60);padding-right:var(--wp--preset--spacing--60);padding-bottom:var(--wp--preset--spacing--60);padding-left:var(--wp--preset--spacing--60);text-transform:capitalize\">Aviso legal<\/h1>\n\n\n\n<p class=\"has-text-align-center\">Consulte a continuaci\u00f3n los avisos legales del sitio web de nuestro camping.<\/p>\n\n\n\n<h2 class=\"wp-block-heading has-text-align-center\">EDITOR DEL SITIO WEB<\/h2>\n\n\n\n<p class=\"has-text-align-center\"><br\/><br\/><br\/><br\/><br\/><br\/>Empresa: Camping Plage Albret N\u00famero SIRET: 793 853 128 00288 N\u00famero SIREN: 793 853 128 C\u00f3digo APE: 55.30Z Direcci\u00f3n: 375 ROUTE DE LA PLAGE SUD, 40660 MESSANGES Correo electr\u00f3nico: contact@camping-albret.com Director de la publicaci\u00f3n: Alpha Camping<\/p>\n\n\n\n<h2 class=\"wp-block-heading has-text-align-center\">PRODUCCI\u00d3N<\/h2>\n\n\n\n<p class=\"has-text-align-center\"><br\/><br\/><br\/><br\/><br\/><br\/>G<strong>EEK TONIC<\/strong>, Representada por el Sr. Yohan Darmayan en calidad de Gerente Domicilio social: 50 Avenue du Lac Marion 64200 Biarritz Tel: 05 32 74 11 52 Correo electr\u00f3nico: support@geek-tonic.com P\u00e1gina web:<a href=\"https:\/\/www.geek-tonic.com\/\" target=\"_blank\" rel=\"noreferrer noopener\">www.geek-tonic.com<\/a> SIRET: 89746755100015 APE: 6201Z<\/p>\n\n\n\n<h2 class=\"wp-block-heading has-text-align-center\">DERECHOS DE AUTOR Y COPYRIGHT<\/h2>\n\n\n\n<p class=\"has-text-align-center\"><br\/>Todo el contenido de este sitio est\u00e1 sujeto a derechos de autor y propiedad intelectual seg\u00fan la legislaci\u00f3n francesa. Queda prohibida cualquier reproducci\u00f3n (incluidas fotos, iconos y documentos descargables) sin el consentimiento previo de GEEK TONIC.<br\/><br\/><br\/>Queda prohibida la reproducci\u00f3n en soporte electr\u00f3nico de todo o parte del sitio en papel o formato electr\u00f3nico. GEEK TONIC declina toda responsabilidad por el contenido presente en el sitio web. GEEK TONIC declina asimismo toda responsabilidad por los enlaces externos que apunten a este sitio.<\/p>\n\n\n\n<h2 class=\"wp-block-heading has-text-align-center\">DATOS PERSONALES E INFORMACI\u00d3N NOMINATIVA<\/h2>\n\n\n\n<p class=\"has-text-align-center\"><br\/>Tienes derecho a acceder, modificar, rectificar y suprimir los datos que te conciernen, de conformidad con el art\u00edculo 34 de la Ley francesa n\u00ba 78-17 de 6 de enero de 1978, modificada el 6 de agosto de 2018. Para ejercer este derecho de acceso, env\u00eda una solicitud por escrito al editor del sitio.<\/p>\n\n\n\n<h2 class=\"wp-block-heading has-text-align-center\">LEGISLACI\u00d3N<\/h2>\n\n\n\n<p class=\"has-text-align-center\"><br\/><br\/>De conformidad con la ley de 11 de marzo de 1957 (art. 41) y el c\u00f3digo de la propiedad intelectual de 1 de julio de 1992, est\u00e1 prohibida la reproducci\u00f3n total o parcial del sitio sin autorizaci\u00f3n previa del editor del sitio. Los logotipos, elementos visuales, fotos, v\u00eddeos, cuadros gr\u00e1ficos y textos son propiedad de sus respectivos propietarios. Este sitio puede, sin su conocimiento, haber sido enlazado con otros sitios mediante enlaces hipermedia.\n<br\/>El editor del sitio declina toda responsabilidad por la informaci\u00f3n presentada en estos otros sitios. Los usuarios de Internet reconocen que el uso de este sitio se rige por la legislaci\u00f3n francesa. <\/p>\n<\/div>\n","protected":false},"excerpt":{"rendered":"<p>Aviso legal Consulte a continuaci\u00f3n los avisos legales del sitio web de nuestro camping. EDITOR DEL SITIO WEB Empresa: Camping Plage Albret N\u00famero SIRET: 793 853 128 00288 N\u00famero SIREN: 793 853 128 C\u00f3digo APE: 55.30Z Direcci\u00f3n: 375 ROUTE DE LA PLAGE SUD, 40660 MESSANGES Correo electr\u00f3nico: contact@camping-albret.com Director de la publicaci\u00f3n: Alpha Camping PRODUCCI\u00d3N [&hellip;]<\/p>\n","protected":false},"author":1,"featured_media":6720,"parent":0,"menu_order":13,"comment_status":"closed","ping_status":"closed","template":"","meta":{"_acf_changed":false,"footnotes":""},"class_list":["post-6810","page","type-page","status-publish","has-post-thumbnail","hentry"],"acf":[],"yoast_head":"<!-- This site is optimized with the Yoast SEO plugin v24.8.1 - https:\/\/yoast.com\/wordpress\/plugins\/seo\/ -->\n<title>Aviso legal - Camping Paradis Albret - Site Officiel - Meilleur Prix Garanti<\/title>\n<meta name=\"robots\" content=\"noindex, nofollow\" \/>\n<meta property=\"og:locale\" content=\"es_ES\" \/>\n<meta property=\"og:type\" content=\"article\" \/>\n<meta property=\"og:title\" content=\"Aviso legal - Camping Paradis Albret - Site Officiel - Meilleur Prix Garanti\" \/>\n<meta property=\"og:description\" content=\"Aviso legal Consulte a continuaci\u00f3n los avisos legales del sitio web de nuestro camping. EDITOR DEL SITIO WEB Empresa: Camping Plage Albret N\u00famero SIRET: 793 853 128 00288 N\u00famero SIREN: 793 853 128 C\u00f3digo APE: 55.30Z Direcci\u00f3n: 375 ROUTE DE LA PLAGE SUD, 40660 MESSANGES Correo electr\u00f3nico: contact@camping-albret.com Director de la publicaci\u00f3n: Alpha Camping PRODUCCI\u00d3N [&hellip;]\" \/>\n<meta property=\"og:url\" content=\"https:\/\/camping-albret.com\/es\/informacion-juridica\/\" \/>\n<meta property=\"og:site_name\" content=\"Camping Paradis Albret - Site Officiel - Meilleur Prix Garanti\" \/>\n<meta property=\"article:modified_time\" content=\"2024-07-24T13:33:27+00:00\" \/>\n<meta property=\"og:image\" content=\"https:\/\/camping-albret.com\/wp-content\/uploads\/sites\/48\/2023\/10\/canoe-balades-landes.webp\" \/>\n\t<meta property=\"og:image:width\" content=\"1900\" \/>\n\t<meta property=\"og:image:height\" content=\"702\" \/>\n\t<meta property=\"og:image:type\" content=\"image\/webp\" \/>\n<meta name=\"twitter:card\" content=\"summary_large_image\" \/>\n<meta name=\"twitter:label1\" content=\"Tiempo de lectura\" \/>\n\t<meta name=\"twitter:data1\" content=\"2 minutos\" \/>\n<script type=\"application\/ld+json\" class=\"yoast-schema-graph\">{\"@context\":\"https:\/\/schema.org\",\"@graph\":[{\"@type\":\"WebPage\",\"@id\":\"https:\/\/camping-albret.com\/es\/informacion-juridica\/\",\"url\":\"https:\/\/camping-albret.com\/es\/informacion-juridica\/\",\"name\":\"Aviso legal - Camping Paradis Albret - Site Officiel - Meilleur Prix Garanti\",\"isPartOf\":{\"@id\":\"https:\/\/camping-albret.com\/es\/#website\"},\"primaryImageOfPage\":{\"@id\":\"https:\/\/camping-albret.com\/es\/informacion-juridica\/#primaryimage\"},\"image\":{\"@id\":\"https:\/\/camping-albret.com\/es\/informacion-juridica\/#primaryimage\"},\"thumbnailUrl\":\"https:\/\/camping-albret.com\/wp-content\/uploads\/sites\/48\/2023\/10\/canoe-balades-landes.webp\",\"datePublished\":\"2023-07-13T14:54:29+00:00\",\"dateModified\":\"2024-07-24T13:33:27+00:00\",\"breadcrumb\":{\"@id\":\"https:\/\/camping-albret.com\/es\/informacion-juridica\/#breadcrumb\"},\"inLanguage\":\"es\",\"potentialAction\":[{\"@type\":\"ReadAction\",\"target\":[\"https:\/\/camping-albret.com\/es\/informacion-juridica\/\"]}]},{\"@type\":\"ImageObject\",\"inLanguage\":\"es\",\"@id\":\"https:\/\/camping-albret.com\/es\/informacion-juridica\/#primaryimage\",\"url\":\"https:\/\/camping-albret.com\/wp-content\/uploads\/sites\/48\/2023\/10\/canoe-balades-landes.webp\",\"contentUrl\":\"https:\/\/camping-albret.com\/wp-content\/uploads\/sites\/48\/2023\/10\/canoe-balades-landes.webp\",\"width\":1900,\"height\":702},{\"@type\":\"BreadcrumbList\",\"@id\":\"https:\/\/camping-albret.com\/es\/informacion-juridica\/#breadcrumb\",\"itemListElement\":[{\"@type\":\"ListItem\",\"position\":1,\"name\":\"Inicio\",\"item\":\"https:\/\/camping-albret.com\/es\/\"},{\"@type\":\"ListItem\",\"position\":2,\"name\":\"Aviso legal\"}]},{\"@type\":\"WebSite\",\"@id\":\"https:\/\/camping-albret.com\/es\/#website\",\"url\":\"https:\/\/camping-albret.com\/es\/\",\"name\":\"Camping Paradis Albret - Site Officiel - Meilleur Prix Garanti\",\"description\":\"\",\"publisher\":{\"@id\":\"https:\/\/camping-albret.com\/es\/#organization\"},\"potentialAction\":[{\"@type\":\"SearchAction\",\"target\":{\"@type\":\"EntryPoint\",\"urlTemplate\":\"https:\/\/camping-albret.com\/es\/?s={search_term_string}\"},\"query-input\":{\"@type\":\"PropertyValueSpecification\",\"valueRequired\":true,\"valueName\":\"search_term_string\"}}],\"inLanguage\":\"es\"},{\"@type\":\"Organization\",\"@id\":\"https:\/\/camping-albret.com\/es\/#organization\",\"name\":\"Camping Paradis Albret - Site Officiel - Meilleur Prix Garanti\",\"url\":\"https:\/\/camping-albret.com\/es\/\",\"logo\":{\"@type\":\"ImageObject\",\"inLanguage\":\"es\",\"@id\":\"https:\/\/camping-albret.com\/es\/#\/schema\/logo\/image\/\",\"url\":\"https:\/\/camping-albret.com\/wp-content\/uploads\/sites\/48\/2024\/07\/LOGO-CP-ALBRET.png\",\"contentUrl\":\"https:\/\/camping-albret.com\/wp-content\/uploads\/sites\/48\/2024\/07\/LOGO-CP-ALBRET.png\",\"width\":2048,\"height\":1280,\"caption\":\"Camping Paradis Albret - Site Officiel - Meilleur Prix Garanti\"},\"image\":{\"@id\":\"https:\/\/camping-albret.com\/es\/#\/schema\/logo\/image\/\"}}]}<\/script>\n<!-- \/ Yoast SEO plugin. -->","yoast_head_json":{"title":"Aviso legal - Camping Paradis Albret - Site Officiel - Meilleur Prix Garanti","robots":{"index":"noindex","follow":"nofollow"},"og_locale":"es_ES","og_type":"article","og_title":"Aviso legal - Camping Paradis Albret - Site Officiel - Meilleur Prix Garanti","og_description":"Aviso legal Consulte a continuaci\u00f3n los avisos legales del sitio web de nuestro camping. EDITOR DEL SITIO WEB Empresa: Camping Plage Albret N\u00famero SIRET: 793 853 128 00288 N\u00famero SIREN: 793 853 128 C\u00f3digo APE: 55.30Z Direcci\u00f3n: 375 ROUTE DE LA PLAGE SUD, 40660 MESSANGES Correo electr\u00f3nico: contact@camping-albret.com Director de la publicaci\u00f3n: Alpha Camping PRODUCCI\u00d3N [&hellip;]","og_url":"https:\/\/camping-albret.com\/es\/informacion-juridica\/","og_site_name":"Camping Paradis Albret - Site Officiel - Meilleur Prix Garanti","article_modified_time":"2024-07-24T13:33:27+00:00","og_image":[{"width":1900,"height":702,"url":"https:\/\/camping-albret.com\/wp-content\/uploads\/sites\/48\/2023\/10\/canoe-balades-landes.webp","type":"image\/webp"}],"twitter_card":"summary_large_image","twitter_misc":{"Tiempo de lectura":"2 minutos"},"schema":{"@context":"https:\/\/schema.org","@graph":[{"@type":"WebPage","@id":"https:\/\/camping-albret.com\/es\/informacion-juridica\/","url":"https:\/\/camping-albret.com\/es\/informacion-juridica\/","name":"Aviso legal - Camping Paradis Albret - Site Officiel - Meilleur Prix Garanti","isPartOf":{"@id":"https:\/\/camping-albret.com\/es\/#website"},"primaryImageOfPage":{"@id":"https:\/\/camping-albret.com\/es\/informacion-juridica\/#primaryimage"},"image":{"@id":"https:\/\/camping-albret.com\/es\/informacion-juridica\/#primaryimage"},"thumbnailUrl":"https:\/\/camping-albret.com\/wp-content\/uploads\/sites\/48\/2023\/10\/canoe-balades-landes.webp","datePublished":"2023-07-13T14:54:29+00:00","dateModified":"2024-07-24T13:33:27+00:00","breadcrumb":{"@id":"https:\/\/camping-albret.com\/es\/informacion-juridica\/#breadcrumb"},"inLanguage":"es","potentialAction":[{"@type":"ReadAction","target":["https:\/\/camping-albret.com\/es\/informacion-juridica\/"]}]},{"@type":"ImageObject","inLanguage":"es","@id":"https:\/\/camping-albret.com\/es\/informacion-juridica\/#primaryimage","url":"https:\/\/camping-albret.com\/wp-content\/uploads\/sites\/48\/2023\/10\/canoe-balades-landes.webp","contentUrl":"https:\/\/camping-albret.com\/wp-content\/uploads\/sites\/48\/2023\/10\/canoe-balades-landes.webp","width":1900,"height":702},{"@type":"BreadcrumbList","@id":"https:\/\/camping-albret.com\/es\/informacion-juridica\/#breadcrumb","itemListElement":[{"@type":"ListItem","position":1,"name":"Inicio","item":"https:\/\/camping-albret.com\/es\/"},{"@type":"ListItem","position":2,"name":"Aviso legal"}]},{"@type":"WebSite","@id":"https:\/\/camping-albret.com\/es\/#website","url":"https:\/\/camping-albret.com\/es\/","name":"Camping Paradis Albret - Site Officiel - Meilleur Prix Garanti","description":"","publisher":{"@id":"https:\/\/camping-albret.com\/es\/#organization"},"potentialAction":[{"@type":"SearchAction","target":{"@type":"EntryPoint","urlTemplate":"https:\/\/camping-albret.com\/es\/?s={search_term_string}"},"query-input":{"@type":"PropertyValueSpecification","valueRequired":true,"valueName":"search_term_string"}}],"inLanguage":"es"},{"@type":"Organization","@id":"https:\/\/camping-albret.com\/es\/#organization","name":"Camping Paradis Albret - Site Officiel - Meilleur Prix Garanti","url":"https:\/\/camping-albret.com\/es\/","logo":{"@type":"ImageObject","inLanguage":"es","@id":"https:\/\/camping-albret.com\/es\/#\/schema\/logo\/image\/","url":"https:\/\/camping-albret.com\/wp-content\/uploads\/sites\/48\/2024\/07\/LOGO-CP-ALBRET.png","contentUrl":"https:\/\/camping-albret.com\/wp-content\/uploads\/sites\/48\/2024\/07\/LOGO-CP-ALBRET.png","width":2048,"height":1280,"caption":"Camping Paradis Albret - Site Officiel - Meilleur Prix Garanti"},"image":{"@id":"https:\/\/camping-albret.com\/es\/#\/schema\/logo\/image\/"}}]}},"_links":{"self":[{"href":"https:\/\/camping-albret.com\/es\/wp-json\/wp\/v2\/pages\/6810","targetHints":{"allow":["GET"]}}],"collection":[{"href":"https:\/\/camping-albret.com\/es\/wp-json\/wp\/v2\/pages"}],"about":[{"href":"https:\/\/camping-albret.com\/es\/wp-json\/wp\/v2\/types\/page"}],"author":[{"embeddable":true,"href":"https:\/\/camping-albret.com\/es\/wp-json\/wp\/v2\/users\/1"}],"replies":[{"embeddable":true,"href":"https:\/\/camping-albret.com\/es\/wp-json\/wp\/v2\/comments?post=6810"}],"version-history":[{"count":8,"href":"https:\/\/camping-albret.com\/es\/wp-json\/wp\/v2\/pages\/6810\/revisions"}],"predecessor-version":[{"id":330359,"href":"https:\/\/camping-albret.com\/es\/wp-json\/wp\/v2\/pages\/6810\/revisions\/330359"}],"wp:featuredmedia":[{"embeddable":true,"href":"https:\/\/camping-albret.com\/es\/wp-json\/wp\/v2\/media\/6720"}],"wp:attachment":[{"href":"https:\/\/camping-albret.com\/es\/wp-json\/wp\/v2\/media?parent=6810"}],"curies":[{"name":"wp","href":"https:\/\/api.w.org\/{rel}","templated":true}]}}